{"id":228,"date":"2025-08-07T13:27:31","date_gmt":"2025-08-07T13:27:31","guid":{"rendered":"https:\/\/navalconstruct.com\/?page_id=228"},"modified":"2026-01-27T15:49:05","modified_gmt":"2026-01-27T15:49:05","slug":"despre-noi","status":"publish","type":"page","link":"https:\/\/navalconstruct.com\/index.php\/despre-noi\/","title":{"rendered":"Despre Noi"},"content":{"rendered":"\t\t<div data-elementor-type=\"wp-page\" data-elementor-id=\"228\" class=\"elementor elementor-228\">\n\t\t\t\t<div class=\"elementor-element elementor-element-5f494ea e-flex e-con-boxed e-con e-parent\" data-id=\"5f494ea\" data-element_type=\"container\" data-settings=\"{&quot;background_background&quot;:&quot;slideshow&quot;,&quot;background_slideshow_gallery&quot;:[{&quot;id&quot;:11,&quot;url&quot;:&quot;https:\\\/\\\/navalconstruct.com\\\/wp-content\\\/uploads\\\/2025\\\/08\\\/abstract-blocks.jpg&quot;}],&quot;shape_divider_bottom&quot;:&quot;mountains&quot;,&quot;background_slideshow_loop&quot;:&quot;yes&quot;,&quot;background_slideshow_slide_duration&quot;:5000,&quot;background_slideshow_slide_transition&quot;:&quot;fade&quot;,&quot;background_slideshow_transition_duration&quot;:500}\">\n\t\t\t\t\t<div class=\"e-con-inner\">\n\t\t\t\t<div class=\"elementor-shape elementor-shape-bottom\" aria-hidden=\"true\" data-negative=\"false\">\n\t\t\t<svg xmlns=\"http:\/\/www.w3.org\/2000\/svg\" viewBox=\"0 0 1000 100\" preserveAspectRatio=\"none\">\n\t<path class=\"elementor-shape-fill\" opacity=\"0.33\" d=\"M473,67.3c-203.9,88.3-263.1-34-320.3,0C66,119.1,0,59.7,0,59.7V0h1000v59.7 c0,0-62.1,26.1-94.9,29.3c-32.8,3.3-62.8-12.3-75.8-22.1C806,49.6,745.3,8.7,694.9,4.7S492.4,59,473,67.3z\"\/>\n\t<path class=\"elementor-shape-fill\" opacity=\"0.66\" d=\"M734,67.3c-45.5,0-77.2-23.2-129.1-39.1c-28.6-8.7-150.3-10.1-254,39.1 s-91.7-34.4-149.2,0C115.7,118.3,0,39.8,0,39.8V0h1000v36.5c0,0-28.2-18.5-92.1-18.5C810.2,18.1,775.7,67.3,734,67.3z\"\/>\n\t<path class=\"elementor-shape-fill\" d=\"M766.1,28.9c-200-57.5-266,65.5-395.1,19.5C242,1.8,242,5.4,184.8,20.6C128,35.8,132.3,44.9,89.9,52.5C28.6,63.7,0,0,0,0 h1000c0,0-9.9,40.9-83.6,48.1S829.6,47,766.1,28.9z\"\/>\n<\/svg>\t\t<\/div>\n\t\t<div class=\"elementor-element elementor-element-b59f770 e-con-full e-flex e-con e-child\" data-id=\"b59f770\" data-element_type=\"container\">\n\t\t\t\t<div class=\"elementor-element elementor-element-24fb80f elementor-invisible elementor-widget elementor-widget-heading\" data-id=\"24fb80f\" data-element_type=\"widget\" data-settings=\"{&quot;_animation&quot;:&quot;fadeInUp&quot;}\" data-widget_type=\"heading.default\">\n\t\t\t\t\t<h2 class=\"elementor-heading-title elementor-size-default\">DESPRE NOI<\/h2>\t\t\t\t<\/div>\n\t\t\t\t<\/div>\n\t\t\t\t\t<\/div>\n\t\t\t\t<\/div>\n\t\t<div class=\"elementor-element elementor-element-7df3491 e-flex e-con-boxed e-con e-parent\" data-id=\"7df3491\" data-element_type=\"container\">\n\t\t\t\t\t<div class=\"e-con-inner\">\n\t\t<div class=\"elementor-element elementor-element-8ba240e e-con-full e-flex elementor-invisible e-con e-child\" data-id=\"8ba240e\" data-element_type=\"container\" data-settings=\"{&quot;animation&quot;:&quot;fadeInLeft&quot;}\">\n\t\t\t\t<div class=\"elementor-element elementor-element-f148b3f elementor-widget elementor-widget-heading\" data-id=\"f148b3f\" data-element_type=\"widget\" data-widget_type=\"heading.default\">\n\t\t\t\t\t<h1 class=\"elementor-heading-title elementor-size-default\">CasiNAV<\/h1>\t\t\t\t<\/div>\n\t\t\t\t<div class=\"elementor-element elementor-element-81b78df elementor-widget-divider--view-line_text elementor-widget-divider--element-align-left elementor-widget-divider--separator-type-pattern elementor-widget-divider--no-spacing elementor-widget elementor-widget-divider\" data-id=\"81b78df\" data-element_type=\"widget\" data-widget_type=\"divider.default\">\n\t\t\t\t\t\t\t<div class=\"elementor-divider\" style=\"--divider-pattern-url: url(&quot;data:image\/svg+xml,%3Csvg xmlns=&#039;http:\/\/www.w3.org\/2000\/svg&#039; preserveAspectRatio=&#039;xMidYMid meet&#039; overflow=&#039;visible&#039; height=&#039;100%&#039; viewBox=&#039;0 0 126 26&#039; fill=&#039;black&#039; stroke=&#039;none&#039;%3E%3Cpath d=&#039;M46.8,7.8v11.5L36,18.6V7.8H46.8z M82.4,7.8L84,18.6l-12,0.7L70.4,7.8H82.4z M0,7.8l12,0.9v9.9H1.3L0,7.8z M30,7.8v10.8H19L18,7.8H30z M63.7,7.8L66,18.6H54V9.5L63.7,7.8z M89.8,7L102,7.8v10.8H91.2L89.8,7zM108,7.8l12,0.9v8.9l-12,1V7.8z&#039;\/%3E%3C\/svg%3E&quot;);\">\n\t\t\t<span class=\"elementor-divider-separator\">\n\t\t\t\t\t\t\t<span class=\"elementor-divider__text elementor-divider__element\">\n\t\t\t\tCasiNAV\t\t\t\t<\/span>\n\t\t\t\t\t\t<\/span>\n\t\t<\/div>\n\t\t\t\t\t\t<\/div>\n\t\t\t\t<\/div>\n\t\t\t\t\t<\/div>\n\t\t\t\t<\/div>\n\t\t<div class=\"elementor-element elementor-element-6a7681a e-flex e-con-boxed elementor-invisible e-con e-parent\" data-id=\"6a7681a\" data-element_type=\"container\" data-settings=\"{&quot;animation&quot;:&quot;fadeInLeft&quot;}\">\n\t\t\t\t\t<div class=\"e-con-inner\">\n\t\t\t\t<div class=\"elementor-element elementor-element-a16eef2 elementor-widget elementor-widget-text-editor\" data-id=\"a16eef2\" data-element_type=\"widget\" data-widget_type=\"text-editor.default\">\n\t\t\t\t\t\t\t\t\t<p>CasiNAV este o companie de construc\u021bii navale fondat\u0103 pentru a oferi solu\u021bii solide \u0219i adaptate nevoilor pie\u021bei maritime. Suntem specializa\u021bi \u00een lucr\u0103ri de ansamblare \u0219i construc\u021bie a structurilor navale, asigur\u00e2nd calitate \u00een execu\u021bie, respectarea termenelor \u0219i colaborare transparent\u0103 cu clien\u021bii no\u0219tri.<\/p>\t\t\t\t\t\t\t\t<\/div>\n\t\t\t\t<div class=\"elementor-element elementor-element-078134f elementor-widget elementor-widget-text-editor\" data-id=\"078134f\" data-element_type=\"widget\" data-widget_type=\"text-editor.default\">\n\t\t\t\t\t\t\t\t\t<p>Activitatea noastr\u0103 se bazeaz\u0103 pe o echip\u0103 de profesioni\u0219ti cu experien\u021b\u0103 \u00een domeniu, echipamente moderne \u0219i proceduri conforme cu standardele interna\u021bionale. Ne concentr\u0103m pe excelen\u021b\u0103 tehnic\u0103 \u0219i pe construirea de rela\u021bii durabile cu partenerii no\u0219tri.<\/p>\t\t\t\t\t\t\t\t<\/div>\n\t\t\t\t<div class=\"elementor-element elementor-element-cc5c8fe elementor-widget elementor-widget-heading\" data-id=\"cc5c8fe\" data-element_type=\"widget\" data-widget_type=\"heading.default\">\n\t\t\t\t\t<h2 class=\"elementor-heading-title elementor-size-default\">Misiune<\/h2>\t\t\t\t<\/div>\n\t\t\t\t<div class=\"elementor-element elementor-element-8760ef3 elementor-widget-divider--view-line_text elementor-widget-divider--element-align-left elementor-widget-divider--separator-type-pattern elementor-widget-divider--no-spacing elementor-widget elementor-widget-divider\" data-id=\"8760ef3\" data-element_type=\"widget\" data-widget_type=\"divider.default\">\n\t\t\t\t\t\t\t<div class=\"elementor-divider\" style=\"--divider-pattern-url: url(&quot;data:image\/svg+xml,%3Csvg xmlns=&#039;http:\/\/www.w3.org\/2000\/svg&#039; preserveAspectRatio=&#039;xMidYMid meet&#039; overflow=&#039;visible&#039; height=&#039;100%&#039; viewBox=&#039;0 0 126 26&#039; fill=&#039;black&#039; stroke=&#039;none&#039;%3E%3Cpath d=&#039;M46.8,7.8v11.5L36,18.6V7.8H46.8z M82.4,7.8L84,18.6l-12,0.7L70.4,7.8H82.4z M0,7.8l12,0.9v9.9H1.3L0,7.8z M30,7.8v10.8H19L18,7.8H30z M63.7,7.8L66,18.6H54V9.5L63.7,7.8z M89.8,7L102,7.8v10.8H91.2L89.8,7zM108,7.8l12,0.9v8.9l-12,1V7.8z&#039;\/%3E%3C\/svg%3E&quot;);\">\n\t\t\t<span class=\"elementor-divider-separator\">\n\t\t\t\t\t\t\t<span class=\"elementor-divider__text elementor-divider__element\">\n\t\t\t\tCasiNAV\t\t\t\t<\/span>\n\t\t\t\t\t\t<\/span>\n\t\t<\/div>\n\t\t\t\t\t\t<\/div>\n\t\t\t\t<div class=\"elementor-element elementor-element-fefde87 elementor-widget elementor-widget-text-editor\" data-id=\"fefde87\" data-element_type=\"widget\" data-widget_type=\"text-editor.default\">\n\t\t\t\t\t\t\t\t\t<p>Misiunea noastr\u0103 este s\u0103 livr\u0103m proiecte navale conforme cu cele mai \u00eenalte criterii de calitate, siguran\u021b\u0103 \u0219i eficien\u021b\u0103. Punem \u00een centrul activit\u0103\u021bii nevoile clien\u021bilor \u0219i lucr\u0103m sistematic pentru a respecta termenele \u0219i specifica\u021biile stabilite de comun acord.<\/p>\t\t\t\t\t\t\t\t<\/div>\n\t\t\t\t<div class=\"elementor-element elementor-element-b031153 elementor-widget elementor-widget-heading\" data-id=\"b031153\" data-element_type=\"widget\" data-widget_type=\"heading.default\">\n\t\t\t\t\t<h2 class=\"elementor-heading-title elementor-size-default\">Viziune<\/h2>\t\t\t\t<\/div>\n\t\t\t\t<div class=\"elementor-element elementor-element-d564147 elementor-widget-divider--view-line_text elementor-widget-divider--element-align-left elementor-widget-divider--separator-type-pattern elementor-widget-divider--no-spacing elementor-widget elementor-widget-divider\" data-id=\"d564147\" data-element_type=\"widget\" data-widget_type=\"divider.default\">\n\t\t\t\t\t\t\t<div class=\"elementor-divider\" style=\"--divider-pattern-url: url(&quot;data:image\/svg+xml,%3Csvg xmlns=&#039;http:\/\/www.w3.org\/2000\/svg&#039; preserveAspectRatio=&#039;xMidYMid meet&#039; overflow=&#039;visible&#039; height=&#039;100%&#039; viewBox=&#039;0 0 126 26&#039; fill=&#039;black&#039; stroke=&#039;none&#039;%3E%3Cpath d=&#039;M46.8,7.8v11.5L36,18.6V7.8H46.8z M82.4,7.8L84,18.6l-12,0.7L70.4,7.8H82.4z M0,7.8l12,0.9v9.9H1.3L0,7.8z M30,7.8v10.8H19L18,7.8H30z M63.7,7.8L66,18.6H54V9.5L63.7,7.8z M89.8,7L102,7.8v10.8H91.2L89.8,7zM108,7.8l12,0.9v8.9l-12,1V7.8z&#039;\/%3E%3C\/svg%3E&quot;);\">\n\t\t\t<span class=\"elementor-divider-separator\">\n\t\t\t\t\t\t\t<span class=\"elementor-divider__text elementor-divider__element\">\n\t\t\t\tCasiNAV\t\t\t\t<\/span>\n\t\t\t\t\t\t<\/span>\n\t\t<\/div>\n\t\t\t\t\t\t<\/div>\n\t\t\t\t<div class=\"elementor-element elementor-element-36ca9f6 elementor-widget elementor-widget-text-editor\" data-id=\"36ca9f6\" data-element_type=\"widget\" data-widget_type=\"text-editor.default\">\n\t\t\t\t\t\t\t\t\t<p>Viz\u0103m consolidarea pozi\u021biei noastre pe pia\u021ba construc\u021biilor navale, at\u00e2t la nivel na\u021bional, c\u00e2t \u0219i interna\u021bional. Ne propunem s\u0103 devenim unul dintre principalii furnizori de servicii \u00een construc\u021bia \u0219i repara\u021bia de nave, prin adaptare continu\u0103 la noile cerin\u021be tehnologice \u0219i de sustenabilitate.<\/p>\t\t\t\t\t\t\t\t<\/div>\n\t\t\t\t<div class=\"elementor-element elementor-element-0261d82 elementor-widget elementor-widget-heading\" data-id=\"0261d82\" data-element_type=\"widget\" data-widget_type=\"heading.default\">\n\t\t\t\t\t<h2 class=\"elementor-heading-title elementor-size-default\">Valori<\/h2>\t\t\t\t<\/div>\n\t\t\t\t<div class=\"elementor-element elementor-element-2024860 elementor-widget-divider--view-line_text elementor-widget-divider--element-align-left elementor-widget-divider--separator-type-pattern elementor-widget-divider--no-spacing elementor-widget elementor-widget-divider\" data-id=\"2024860\" data-element_type=\"widget\" data-widget_type=\"divider.default\">\n\t\t\t\t\t\t\t<div class=\"elementor-divider\" style=\"--divider-pattern-url: url(&quot;data:image\/svg+xml,%3Csvg xmlns=&#039;http:\/\/www.w3.org\/2000\/svg&#039; preserveAspectRatio=&#039;xMidYMid meet&#039; overflow=&#039;visible&#039; height=&#039;100%&#039; viewBox=&#039;0 0 126 26&#039; fill=&#039;black&#039; stroke=&#039;none&#039;%3E%3Cpath d=&#039;M46.8,7.8v11.5L36,18.6V7.8H46.8z M82.4,7.8L84,18.6l-12,0.7L70.4,7.8H82.4z M0,7.8l12,0.9v9.9H1.3L0,7.8z M30,7.8v10.8H19L18,7.8H30z M63.7,7.8L66,18.6H54V9.5L63.7,7.8z M89.8,7L102,7.8v10.8H91.2L89.8,7zM108,7.8l12,0.9v8.9l-12,1V7.8z&#039;\/%3E%3C\/svg%3E&quot;);\">\n\t\t\t<span class=\"elementor-divider-separator\">\n\t\t\t\t\t\t\t<span class=\"elementor-divider__text elementor-divider__element\">\n\t\t\t\tCasiNAV\t\t\t\t<\/span>\n\t\t\t\t\t\t<\/span>\n\t\t<\/div>\n\t\t\t\t\t\t<\/div>\n\t\t\t\t<div class=\"elementor-element elementor-element-6281312 elementor-widget elementor-widget-text-editor\" data-id=\"6281312\" data-element_type=\"widget\" data-widget_type=\"text-editor.default\">\n\t\t\t\t\t\t\t\t\t<ul><li data-start=\"1405\" data-end=\"1481\"><p data-start=\"1407\" data-end=\"1481\">Profesionalism \u00een execu\u021bie \u0219i rela\u021bii de colaborare bazate pe \u00eencredere.<\/p><\/li><li data-start=\"1482\" data-end=\"1541\"><p data-start=\"1484\" data-end=\"1541\">Respect pentru siguran\u021ba muncii \u0219i mediul \u00eenconjur\u0103tor.<\/p><\/li><li data-start=\"1542\" data-end=\"1643\"><p data-start=\"1544\" data-end=\"1643\">Atragerea \u0219i dezvoltarea talentelor pentru a men\u021bine nivelul tehnic la cele mai \u00eenalte standarde.<\/p><\/li><li data-start=\"1644\" data-end=\"1711\"><p data-start=\"1646\" data-end=\"1711\">Livrarea de rezultate clare, \u00een termene \u00een\u021beleg\u00e2ndu-se stabilite.<\/p><\/li><\/ul>\t\t\t\t\t\t\t\t<\/div>\n\t\t\t\t<div class=\"elementor-element elementor-element-f160e80 elementor-widget elementor-widget-heading\" data-id=\"f160e80\" data-element_type=\"widget\" data-widget_type=\"heading.default\">\n\t\t\t\t\t<h2 class=\"elementor-heading-title elementor-size-default\">Serviciile noastre<\/h2>\t\t\t\t<\/div>\n\t\t\t\t<div class=\"elementor-element elementor-element-eb5bc34 elementor-widget-divider--view-line_text elementor-widget-divider--element-align-left elementor-widget-divider--separator-type-pattern elementor-widget-divider--no-spacing elementor-widget elementor-widget-divider\" data-id=\"eb5bc34\" data-element_type=\"widget\" data-widget_type=\"divider.default\">\n\t\t\t\t\t\t\t<div class=\"elementor-divider\" style=\"--divider-pattern-url: url(&quot;data:image\/svg+xml,%3Csvg xmlns=&#039;http:\/\/www.w3.org\/2000\/svg&#039; preserveAspectRatio=&#039;xMidYMid meet&#039; overflow=&#039;visible&#039; height=&#039;100%&#039; viewBox=&#039;0 0 126 26&#039; fill=&#039;black&#039; stroke=&#039;none&#039;%3E%3Cpath d=&#039;M46.8,7.8v11.5L36,18.6V7.8H46.8z M82.4,7.8L84,18.6l-12,0.7L70.4,7.8H82.4z M0,7.8l12,0.9v9.9H1.3L0,7.8z M30,7.8v10.8H19L18,7.8H30z M63.7,7.8L66,18.6H54V9.5L63.7,7.8z M89.8,7L102,7.8v10.8H91.2L89.8,7zM108,7.8l12,0.9v8.9l-12,1V7.8z&#039;\/%3E%3C\/svg%3E&quot;);\">\n\t\t\t<span class=\"elementor-divider-separator\">\n\t\t\t\t\t\t\t<span class=\"elementor-divider__text elementor-divider__element\">\n\t\t\t\tCasiNAV\t\t\t\t<\/span>\n\t\t\t\t\t\t<\/span>\n\t\t<\/div>\n\t\t\t\t\t\t<\/div>\n\t\t\t\t<div class=\"elementor-element elementor-element-3a7c2f8 elementor-widget elementor-widget-text-editor\" data-id=\"3a7c2f8\" data-element_type=\"widget\" data-widget_type=\"text-editor.default\">\n\t\t\t\t\t\t\t\t\t<p data-start=\"1742\" data-end=\"1835\">VeloNav ofer\u0103 o gam\u0103 complet\u0103 de lucr\u0103ri \u00een domeniul construc\u021biilor navale, inclusiv:<\/p><ul data-start=\"1837\" data-end=\"2116\"><li data-start=\"1837\" data-end=\"1874\"><p data-start=\"1839\" data-end=\"1874\">Preasamblare \u0219i montaj structuri.<\/p><\/li><li data-start=\"1875\" data-end=\"1944\"><p data-start=\"1877\" data-end=\"1944\">Asamblare sec\u021biuni de volum \u0219i elemente complexe de corp de nav\u0103.<\/p><\/li><li data-start=\"1945\" data-end=\"1986\"><p data-start=\"1947\" data-end=\"1986\">Sudur\u0103 certificat\u0103 \u0219i lucr\u0103ri conexe.<\/p><\/li><li data-start=\"1987\" data-end=\"2052\"><p data-start=\"1989\" data-end=\"2052\">Produc\u021bie \u0219i montaj piping la diferite grade de complexitate.<\/p><\/li><li data-start=\"2053\" data-end=\"2116\"><p data-start=\"2055\" data-end=\"2116\">Adapt\u0103ri \u0219i lucr\u0103ri specifice, conform cerin\u021belor clien\u021bilor.<\/p><\/li><\/ul><p data-start=\"2118\" data-end=\"2248\">Fiecare proiect este tratat cu aten\u021bie la detalii \u0219i responsabilitate tehnic\u0103, pentru a asigura func\u021bionalitate \u0219i durabilitate.<\/p>\t\t\t\t\t\t\t\t<\/div>\n\t\t\t\t<div class=\"elementor-element elementor-element-931af2d elementor-widget elementor-widget-heading\" data-id=\"931af2d\" data-element_type=\"widget\" data-widget_type=\"heading.default\">\n\t\t\t\t\t<h2 class=\"elementor-heading-title elementor-size-default\">De ce s\u0103 colaborezi cu noi<\/h2>\t\t\t\t<\/div>\n\t\t\t\t<div class=\"elementor-element elementor-element-4c0c304 elementor-widget-divider--view-line_text elementor-widget-divider--element-align-left elementor-widget-divider--separator-type-pattern elementor-widget-divider--no-spacing elementor-widget elementor-widget-divider\" data-id=\"4c0c304\" data-element_type=\"widget\" data-widget_type=\"divider.default\">\n\t\t\t\t\t\t\t<div class=\"elementor-divider\" style=\"--divider-pattern-url: url(&quot;data:image\/svg+xml,%3Csvg xmlns=&#039;http:\/\/www.w3.org\/2000\/svg&#039; preserveAspectRatio=&#039;xMidYMid meet&#039; overflow=&#039;visible&#039; height=&#039;100%&#039; viewBox=&#039;0 0 126 26&#039; fill=&#039;black&#039; stroke=&#039;none&#039;%3E%3Cpath d=&#039;M46.8,7.8v11.5L36,18.6V7.8H46.8z M82.4,7.8L84,18.6l-12,0.7L70.4,7.8H82.4z M0,7.8l12,0.9v9.9H1.3L0,7.8z M30,7.8v10.8H19L18,7.8H30z M63.7,7.8L66,18.6H54V9.5L63.7,7.8z M89.8,7L102,7.8v10.8H91.2L89.8,7zM108,7.8l12,0.9v8.9l-12,1V7.8z&#039;\/%3E%3C\/svg%3E&quot;);\">\n\t\t\t<span class=\"elementor-divider-separator\">\n\t\t\t\t\t\t\t<span class=\"elementor-divider__text elementor-divider__element\">\n\t\t\t\tCasiNAV\t\t\t\t<\/span>\n\t\t\t\t\t\t<\/span>\n\t\t<\/div>\n\t\t\t\t\t\t<\/div>\n\t\t\t\t<div class=\"elementor-element elementor-element-9c4dce2 elementor-widget elementor-widget-text-editor\" data-id=\"9c4dce2\" data-element_type=\"widget\" data-widget_type=\"text-editor.default\">\n\t\t\t\t\t\t\t\t\t<p data-start=\"2287\" data-end=\"2504\">Lucr\u0103m \u00eempreun\u0103 cu beneficiarii pentru a transforma cerin\u021bele tehnice \u00een solu\u021bii practice. Ne adapt\u0103m la cerin\u021bele proiectului \u0219i oferim suport printr-un proces transparent, comunicare clar\u0103 \u0219i livrare \u00een timp util.<\/p><p data-start=\"2506\" data-end=\"2622\">Echipa noastr\u0103 combin\u0103 experien\u021ba profesional\u0103 cu flexibilitatea necesar\u0103 \u00een domeniul construc\u021biilor navale moderne.<\/p>\t\t\t\t\t\t\t\t<\/div>\n\t\t\t\t\t<\/div>\n\t\t\t\t<\/div>\n\t\t\t\t<\/div>\n\t\t","protected":false},"excerpt":{"rendered":"<p>DESPRE NOI CasiNAV CasiNAV CasiNAV este o companie de construc\u021bii navale fondat\u0103 pentru a oferi solu\u021bii solide \u0219i adaptate nevoilor pie\u021bei maritime. Suntem specializa\u021bi \u00een lucr\u0103ri de ansamblare \u0219i construc\u021bie a structurilor navale, asigur\u00e2nd calitate \u00een execu\u021bie, respectarea termenelor \u0219i colaborare transparent\u0103 cu clien\u021bii no\u0219tri. Activitatea noastr\u0103 se bazeaz\u0103 pe o echip\u0103 de profesioni\u0219ti cu&hellip;&nbsp;<a href=\"https:\/\/navalconstruct.com\/index.php\/despre-noi\/\" rel=\"bookmark\"><span class=\"screen-reader-text\">Despre Noi<\/span><\/a><\/p>\n","protected":false},"author":1,"featured_media":0,"parent":0,"menu_order":0,"comment_status":"closed","ping_status":"closed","template":"page-templates\/template-pagebuilder-full-width.php","meta":{"neve_meta_sidebar":"","neve_meta_container":"","neve_meta_enable_content_width":"off","neve_meta_content_width":100,"neve_meta_title_alignment":"","neve_meta_author_avatar":"","neve_post_elements_order":"","neve_meta_disable_header":"","neve_meta_disable_footer":"","neve_meta_disable_title":"","footnotes":""},"class_list":["post-228","page","type-page","status-publish","hentry"],"_links":{"self":[{"href":"https:\/\/navalconstruct.com\/index.php\/wp-json\/wp\/v2\/pages\/228","targetHints":{"allow":["GET"]}}],"collection":[{"href":"https:\/\/navalconstruct.com\/index.php\/wp-json\/wp\/v2\/pages"}],"about":[{"href":"https:\/\/navalconstruct.com\/index.php\/wp-json\/wp\/v2\/types\/page"}],"author":[{"embeddable":true,"href":"https:\/\/navalconstruct.com\/index.php\/wp-json\/wp\/v2\/users\/1"}],"replies":[{"embeddable":true,"href":"https:\/\/navalconstruct.com\/index.php\/wp-json\/wp\/v2\/comments?post=228"}],"version-history":[{"count":19,"href":"https:\/\/navalconstruct.com\/index.php\/wp-json\/wp\/v2\/pages\/228\/revisions"}],"predecessor-version":[{"id":504,"href":"https:\/\/navalconstruct.com\/index.php\/wp-json\/wp\/v2\/pages\/228\/revisions\/504"}],"wp:attachment":[{"href":"https:\/\/navalconstruct.com\/index.php\/wp-json\/wp\/v2\/media?parent=228"}],"curies":[{"name":"wp","href":"https:\/\/api.w.org\/{rel}","templated":true}]}}